{"id":2370,"date":"2025-10-31T17:07:26","date_gmt":"2025-10-31T17:07:26","guid":{"rendered":"https:\/\/flameaway.nl\/?page_id=2370"},"modified":"2025-10-31T17:49:08","modified_gmt":"2025-10-31T17:49:08","slug":"how-does-flame-away-work","status":"publish","type":"page","link":"https:\/\/flameaway.nl\/nl\/how-does-flame-away-work\/","title":{"rendered":"Hoe het werkt"},"content":{"rendered":"<div data-elementor-type=\"wp-page\" data-elementor-id=\"2370\" class=\"elementor elementor-2370\" data-elementor-post-type=\"page\">\n\t\t\t\t<div class=\"elementor-element elementor-element-4720eed4 e-flex e-con-boxed e-con e-parent\" data-id=\"4720eed4\" data-element_type=\"container\" data-e-type=\"container\" data-settings=\"{&quot;background_background&quot;:&quot;classic&quot;}\">\n\t\t\t\t\t<div class=\"e-con-inner\">\n\t\t\t\t<div class=\"elementor-element elementor-element-35964b6d elementor-widget elementor-widget-heading\" data-id=\"35964b6d\" data-element_type=\"widget\" data-e-type=\"widget\" data-widget_type=\"heading.default\">\n\t\t\t\t\t<h2 class=\"elementor-heading-title elementor-size-default\">Hoe het werkt<\/h2>\t\t\t\t<\/div>\n\t\t\t\t\t<\/div>\n\t\t\t\t<\/div>\n\t\t<div class=\"elementor-element elementor-element-46bcd965 e-flex e-con-boxed e-con e-parent\" data-id=\"46bcd965\" data-element_type=\"container\" data-e-type=\"container\" data-settings=\"{&quot;background_background&quot;:&quot;classic&quot;}\">\n\t\t\t\t\t<div class=\"e-con-inner\">\n\t\t<div class=\"elementor-element elementor-element-79563670 e-con-full e-flex e-con e-child\" data-id=\"79563670\" data-element_type=\"container\" data-e-type=\"container\">\n\t\t\t\t<div class=\"elementor-element elementor-element-653cb1c5 elementor-vertical-align-top elementor-vertical-align-middle elementor-widget elementor-widget-image-box\" data-id=\"653cb1c5\" data-element_type=\"widget\" data-e-type=\"widget\" data-widget_type=\"image-box.default\">\n\t\t\t\t\t<div class=\"elementor-image-box-wrapper\"><div class=\"elementor-image-box-content\"><h3 class=\"elementor-image-box-title\">Hoe het werkt<\/h3><p class=\"elementor-image-box-description\">De Flame Away is een breekbare container gevuld met een blusvloeistof. Wanneer het in het vuur wordt gegooid, breekt de container bij impact en verspreidt onmiddellijk de vloeistof over de vlammen.\n<\/p><\/div><\/div>\t\t\t\t<\/div>\n\t\t\t\t<div class=\"elementor-element elementor-element-788c476d elementor-widget-divider--view-line elementor-widget elementor-widget-divider\" data-id=\"788c476d\" data-element_type=\"widget\" data-e-type=\"widget\" data-widget_type=\"divider.default\">\n\t\t\t\t\t\t\t<div class=\"elementor-divider\">\n\t\t\t<span class=\"elementor-divider-separator\">\n\t\t\t\t\t\t<\/span>\n\t\t<\/div>\n\t\t\t\t\t\t<\/div>\n\t\t\t\t<div class=\"elementor-element elementor-element-4dc111b3 elementor-widget__width-initial elementor-icon-list--layout-traditional elementor-list-item-link-full_width elementor-widget elementor-widget-icon-list\" data-id=\"4dc111b3\" data-element_type=\"widget\" data-e-type=\"widget\" data-widget_type=\"icon-list.default\">\n\t\t\t\t\t\t\t<ul class=\"elementor-icon-list-items\">\n\t\t\t\t\t\t\t<li class=\"elementor-icon-list-item\">\n\t\t\t\t\t\t\t\t\t\t\t<span class=\"elementor-icon-list-icon\">\n\t\t\t\t\t\t\t<svg aria-hidden=\"true\" class=\"e-font-icon-svg e-fab-gripfire\" viewbox=\"0 0 384 512\" xmlns=\"http:\/\/www.w3.org\/2000\/svg\"><path d=\"M112.5 301.4c0-73.8 105.1-122.5 105.1-203 0-47.1-34-88-39.1-90.4.4 3.3.6 6.7.6 10C179.1 110.1 32 171.9 32 286.6c0 49.8 32.2 79.2 66.5 108.3 65.1 46.7 78.1 71.4 78.1 86.6 0 10.1-4.8 17-4.8 22.3 13.1-16.7 17.4-31.9 17.5-46.4 0-29.6-21.7-56.3-44.2-86.5-16-22.3-32.6-42.6-32.6-69.5zm205.3-39c-12.1-66.8-78-124.4-94.7-130.9l4 7.2c2.4 5.1 3.4 10.9 3.4 17.1 0 44.7-54.2 111.2-56.6 116.7-2.2 5.1-3.2 10.5-3.2 15.8 0 20.1 15.2 42.1 17.9 42.1 2.4 0 56.6-55.4 58.1-87.7 6.4 11.7 9.1 22.6 9.1 33.4 0 41.2-41.8 96.9-41.8 96.9 0 11.6 31.9 53.2 35.5 53.2 1 0 2.2-1.4 3.2-2.4 37.9-39.3 67.3-85 67.3-136.8 0-8-.7-16.2-2.2-24.6z\"><\/path><\/svg>\t\t\t\t\t\t<\/span>\n\t\t\t\t\t\t\t\t\t\t<span class=\"elementor-icon-list-text\">De oplossing is op waterbasis met veilige, bewezen blusmiddelen.<\/span>\n\t\t\t\t\t\t\t\t\t<\/li>\n\t\t\t\t\t\t\t\t<li class=\"elementor-icon-list-item\">\n\t\t\t\t\t\t\t\t\t\t\t<span class=\"elementor-icon-list-icon\">\n\t\t\t\t\t\t\t<svg aria-hidden=\"true\" class=\"e-font-icon-svg e-fab-gripfire\" viewbox=\"0 0 384 512\" xmlns=\"http:\/\/www.w3.org\/2000\/svg\"><path d=\"M112.5 301.4c0-73.8 105.1-122.5 105.1-203 0-47.1-34-88-39.1-90.4.4 3.3.6 6.7.6 10C179.1 110.1 32 171.9 32 286.6c0 49.8 32.2 79.2 66.5 108.3 65.1 46.7 78.1 71.4 78.1 86.6 0 10.1-4.8 17-4.8 22.3 13.1-16.7 17.4-31.9 17.5-46.4 0-29.6-21.7-56.3-44.2-86.5-16-22.3-32.6-42.6-32.6-69.5zm205.3-39c-12.1-66.8-78-124.4-94.7-130.9l4 7.2c2.4 5.1 3.4 10.9 3.4 17.1 0 44.7-54.2 111.2-56.6 116.7-2.2 5.1-3.2 10.5-3.2 15.8 0 20.1 15.2 42.1 17.9 42.1 2.4 0 56.6-55.4 58.1-87.7 6.4 11.7 9.1 22.6 9.1 33.4 0 41.2-41.8 96.9-41.8 96.9 0 11.6 31.9 53.2 35.5 53.2 1 0 2.2-1.4 3.2-2.4 37.9-39.3 67.3-85 67.3-136.8 0-8-.7-16.2-2.2-24.6z\"><\/path><\/svg>\t\t\t\t\t\t<\/span>\n\t\t\t\t\t\t\t\t\t\t<span class=\"elementor-icon-list-text\">De vloeistof verspreidt zich breed en dooft het vuur snel of vermindert het.<\/span>\n\t\t\t\t\t\t\t\t\t<\/li>\n\t\t\t\t\t\t\t\t<li class=\"elementor-icon-list-item\">\n\t\t\t\t\t\t\t\t\t\t\t<span class=\"elementor-icon-list-icon\">\n\t\t\t\t\t\t\t<svg aria-hidden=\"true\" class=\"e-font-icon-svg e-fab-gripfire\" viewbox=\"0 0 384 512\" xmlns=\"http:\/\/www.w3.org\/2000\/svg\"><path d=\"M112.5 301.4c0-73.8 105.1-122.5 105.1-203 0-47.1-34-88-39.1-90.4.4 3.3.6 6.7.6 10C179.1 110.1 32 171.9 32 286.6c0 49.8 32.2 79.2 66.5 108.3 65.1 46.7 78.1 71.4 78.1 86.6 0 10.1-4.8 17-4.8 22.3 13.1-16.7 17.4-31.9 17.5-46.4 0-29.6-21.7-56.3-44.2-86.5-16-22.3-32.6-42.6-32.6-69.5zm205.3-39c-12.1-66.8-78-124.4-94.7-130.9l4 7.2c2.4 5.1 3.4 10.9 3.4 17.1 0 44.7-54.2 111.2-56.6 116.7-2.2 5.1-3.2 10.5-3.2 15.8 0 20.1 15.2 42.1 17.9 42.1 2.4 0 56.6-55.4 58.1-87.7 6.4 11.7 9.1 22.6 9.1 33.4 0 41.2-41.8 96.9-41.8 96.9 0 11.6 31.9 53.2 35.5 53.2 1 0 2.2-1.4 3.2-2.4 37.9-39.3 67.3-85 67.3-136.8 0-8-.7-16.2-2.2-24.6z\"><\/path><\/svg>\t\t\t\t\t\t<\/span>\n\t\t\t\t\t\t\t\t\t\t<span class=\"elementor-icon-list-text\">Le liquide se r\u00e9pand largement, r\u00e9duisant ou \u00e9teignant rapidement le feu.<\/span>\n\t\t\t\t\t\t\t\t\t<\/li>\n\t\t\t\t\t\t<\/ul>\n\t\t\t\t\t\t<\/div>\n\t\t\t\t<\/div>\n\t\t<div class=\"elementor-element elementor-element-70b85085 e-con-full e-flex e-con e-child\" data-id=\"70b85085\" data-element_type=\"container\" data-e-type=\"container\">\n\t\t\t\t<div class=\"elementor-element elementor-element-7e463c40 elementor-widget elementor-widget-image\" data-id=\"7e463c40\" data-element_type=\"widget\" data-e-type=\"widget\" data-widget_type=\"image.default\">\n\t\t\t\t\t\t\t\t\t\t\t\t\t\t\t<img fetchpriority=\"high\" decoding=\"async\" width=\"2560\" height=\"1526\" src=\"https:\/\/flameaway.nl\/wp-content\/uploads\/2025\/10\/Illustratie-Flame-Away-rood-scaled.jpg\" class=\"attachment-full size-full wp-image-101\" alt=\"\" srcset=\"https:\/\/flameaway.nl\/wp-content\/uploads\/2025\/10\/Illustratie-Flame-Away-rood-scaled.jpg 2560w, https:\/\/flameaway.nl\/wp-content\/uploads\/2025\/10\/Illustratie-Flame-Away-rood-scaled-600x358.jpg 600w, https:\/\/flameaway.nl\/wp-content\/uploads\/2025\/10\/Illustratie-Flame-Away-rood-300x179.jpg 300w, https:\/\/flameaway.nl\/wp-content\/uploads\/2025\/10\/Illustratie-Flame-Away-rood-1024x610.jpg 1024w, https:\/\/flameaway.nl\/wp-content\/uploads\/2025\/10\/Illustratie-Flame-Away-rood-768x458.jpg 768w, https:\/\/flameaway.nl\/wp-content\/uploads\/2025\/10\/Illustratie-Flame-Away-rood-1536x915.jpg 1536w, https:\/\/flameaway.nl\/wp-content\/uploads\/2025\/10\/Illustratie-Flame-Away-rood-2048x1220.jpg 2048w\" sizes=\"(max-width: 2560px) 100vw, 2560px\" \/>\t\t\t\t\t\t\t\t\t\t\t\t\t\t\t<\/div>\n\t\t\t\t<\/div>\n\t\t\t\t\t<\/div>\n\t\t\t\t<\/div>\n\t\t<div class=\"elementor-element elementor-element-62329e94 e-flex e-con-boxed e-con e-parent\" data-id=\"62329e94\" data-element_type=\"container\" data-e-type=\"container\" data-settings=\"{&quot;background_background&quot;:&quot;classic&quot;}\">\n\t\t\t\t\t<div class=\"e-con-inner\">\n\t\t<div class=\"elementor-element elementor-element-7fb9b251 e-con-full e-flex e-con e-child\" data-id=\"7fb9b251\" data-element_type=\"container\" data-e-type=\"container\">\n\t\t\t\t<div class=\"elementor-element elementor-element-498c001 elementor-widget elementor-widget-video\" data-id=\"498c001\" data-element_type=\"widget\" data-e-type=\"widget\" data-settings=\"{&quot;youtube_url&quot;:&quot;https:\\\/\\\/www.youtube.com\\\/watch?v=1T_cNAzMwM0&quot;,&quot;video_type&quot;:&quot;youtube&quot;,&quot;controls&quot;:&quot;yes&quot;}\" data-widget_type=\"video.default\">\n\t\t\t\t\t\t\t<div class=\"elementor-wrapper elementor-open-inline\">\n\t\t\t<div class=\"elementor-video\"><\/div>\t\t<\/div>\n\t\t\t\t\t\t<\/div>\n\t\t\t\t<\/div>\n\t\t<div class=\"elementor-element elementor-element-6d794433 e-con-full e-flex e-con e-child\" data-id=\"6d794433\" data-element_type=\"container\" data-e-type=\"container\">\n\t\t\t\t<div class=\"elementor-element elementor-element-69e251f7 elementor-vertical-align-top elementor-vertical-align-middle elementor-widget elementor-widget-image-box\" data-id=\"69e251f7\" data-element_type=\"widget\" data-e-type=\"widget\" data-widget_type=\"image-box.default\">\n\t\t\t\t\t<div class=\"elementor-image-box-wrapper\"><div class=\"elementor-image-box-content\"><h3 class=\"elementor-image-box-title\">Waarom Flame Away opvalt<\/h3><p class=\"elementor-image-box-description\">Traditionele brandblussers zijn vaak verborgen, moeilijk bereikbaar of intimiderend om te gebruiken. Flame Away is anders:<\/p><\/div><\/div>\t\t\t\t<\/div>\n\t\t\t\t<div class=\"elementor-element elementor-element-7580b8f8 elementor-widget-divider--view-line elementor-widget elementor-widget-divider\" data-id=\"7580b8f8\" data-element_type=\"widget\" data-e-type=\"widget\" data-widget_type=\"divider.default\">\n\t\t\t\t\t\t\t<div class=\"elementor-divider\">\n\t\t\t<span class=\"elementor-divider-separator\">\n\t\t\t\t\t\t<\/span>\n\t\t<\/div>\n\t\t\t\t\t\t<\/div>\n\t\t\t\t<div class=\"elementor-element elementor-element-29b18574 elementor-widget__width-initial elementor-icon-list--layout-traditional elementor-list-item-link-full_width elementor-widget elementor-widget-icon-list\" data-id=\"29b18574\" data-element_type=\"widget\" data-e-type=\"widget\" data-widget_type=\"icon-list.default\">\n\t\t\t\t\t\t\t<ul class=\"elementor-icon-list-items\">\n\t\t\t\t\t\t\t<li class=\"elementor-icon-list-item\">\n\t\t\t\t\t\t\t\t\t\t\t<span class=\"elementor-icon-list-icon\">\n\t\t\t\t\t\t\t<svg aria-hidden=\"true\" class=\"e-font-icon-svg e-fab-gripfire\" viewbox=\"0 0 384 512\" xmlns=\"http:\/\/www.w3.org\/2000\/svg\"><path d=\"M112.5 301.4c0-73.8 105.1-122.5 105.1-203 0-47.1-34-88-39.1-90.4.4 3.3.6 6.7.6 10C179.1 110.1 32 171.9 32 286.6c0 49.8 32.2 79.2 66.5 108.3 65.1 46.7 78.1 71.4 78.1 86.6 0 10.1-4.8 17-4.8 22.3 13.1-16.7 17.4-31.9 17.5-46.4 0-29.6-21.7-56.3-44.2-86.5-16-22.3-32.6-42.6-32.6-69.5zm205.3-39c-12.1-66.8-78-124.4-94.7-130.9l4 7.2c2.4 5.1 3.4 10.9 3.4 17.1 0 44.7-54.2 111.2-56.6 116.7-2.2 5.1-3.2 10.5-3.2 15.8 0 20.1 15.2 42.1 17.9 42.1 2.4 0 56.6-55.4 58.1-87.7 6.4 11.7 9.1 22.6 9.1 33.4 0 41.2-41.8 96.9-41.8 96.9 0 11.6 31.9 53.2 35.5 53.2 1 0 2.2-1.4 3.2-2.4 37.9-39.3 67.3-85 67.3-136.8 0-8-.7-16.2-2.2-24.6z\"><\/path><\/svg>\t\t\t\t\t\t<\/span>\n\t\t\t\t\t\t\t\t\t\t<span class=\"elementor-icon-list-text\"><b>Altijd zichtbaar en binnen handbereik<\/b> dankzij het stijlvolle ontwerp.<\/span>\n\t\t\t\t\t\t\t\t\t<\/li>\n\t\t\t\t\t\t\t\t<li class=\"elementor-icon-list-item\">\n\t\t\t\t\t\t\t\t\t\t\t<span class=\"elementor-icon-list-icon\">\n\t\t\t\t\t\t\t<svg aria-hidden=\"true\" class=\"e-font-icon-svg e-fab-gripfire\" viewbox=\"0 0 384 512\" xmlns=\"http:\/\/www.w3.org\/2000\/svg\"><path d=\"M112.5 301.4c0-73.8 105.1-122.5 105.1-203 0-47.1-34-88-39.1-90.4.4 3.3.6 6.7.6 10C179.1 110.1 32 171.9 32 286.6c0 49.8 32.2 79.2 66.5 108.3 65.1 46.7 78.1 71.4 78.1 86.6 0 10.1-4.8 17-4.8 22.3 13.1-16.7 17.4-31.9 17.5-46.4 0-29.6-21.7-56.3-44.2-86.5-16-22.3-32.6-42.6-32.6-69.5zm205.3-39c-12.1-66.8-78-124.4-94.7-130.9l4 7.2c2.4 5.1 3.4 10.9 3.4 17.1 0 44.7-54.2 111.2-56.6 116.7-2.2 5.1-3.2 10.5-3.2 15.8 0 20.1 15.2 42.1 17.9 42.1 2.4 0 56.6-55.4 58.1-87.7 6.4 11.7 9.1 22.6 9.1 33.4 0 41.2-41.8 96.9-41.8 96.9 0 11.6 31.9 53.2 35.5 53.2 1 0 2.2-1.4 3.2-2.4 37.9-39.3 67.3-85 67.3-136.8 0-8-.7-16.2-2.2-24.6z\"><\/path><\/svg>\t\t\t\t\t\t<\/span>\n\t\t\t\t\t\t\t\t\t\t<span class=\"elementor-icon-list-text\"><b>Lichtgewicht en werpbaar<\/b>, zodat iedereen het kan gebruiken\u2014kinderen, volwassenen of ouderen.<\/span>\n\t\t\t\t\t\t\t\t\t<\/li>\n\t\t\t\t\t\t\t\t<li class=\"elementor-icon-list-item\">\n\t\t\t\t\t\t\t\t\t\t\t<span class=\"elementor-icon-list-icon\">\n\t\t\t\t\t\t\t<svg aria-hidden=\"true\" class=\"e-font-icon-svg e-fab-gripfire\" viewbox=\"0 0 384 512\" xmlns=\"http:\/\/www.w3.org\/2000\/svg\"><path d=\"M112.5 301.4c0-73.8 105.1-122.5 105.1-203 0-47.1-34-88-39.1-90.4.4 3.3.6 6.7.6 10C179.1 110.1 32 171.9 32 286.6c0 49.8 32.2 79.2 66.5 108.3 65.1 46.7 78.1 71.4 78.1 86.6 0 10.1-4.8 17-4.8 22.3 13.1-16.7 17.4-31.9 17.5-46.4 0-29.6-21.7-56.3-44.2-86.5-16-22.3-32.6-42.6-32.6-69.5zm205.3-39c-12.1-66.8-78-124.4-94.7-130.9l4 7.2c2.4 5.1 3.4 10.9 3.4 17.1 0 44.7-54.2 111.2-56.6 116.7-2.2 5.1-3.2 10.5-3.2 15.8 0 20.1 15.2 42.1 17.9 42.1 2.4 0 56.6-55.4 58.1-87.7 6.4 11.7 9.1 22.6 9.1 33.4 0 41.2-41.8 96.9-41.8 96.9 0 11.6 31.9 53.2 35.5 53.2 1 0 2.2-1.4 3.2-2.4 37.9-39.3 67.3-85 67.3-136.8 0-8-.7-16.2-2.2-24.6z\"><\/path><\/svg>\t\t\t\t\t\t<\/span>\n\t\t\t\t\t\t\t\t\t\t<span class=\"elementor-icon-list-text\"><b>Gebalanceerd ontwerp<\/b> zorgt voor maximale bluscapaciteit en blijft toch gemakkelijk hanteerbaar.<\/span>\n\t\t\t\t\t\t\t\t\t<\/li>\n\t\t\t\t\t\t<\/ul>\n\t\t\t\t\t\t<\/div>\n\t\t\t\t<\/div>\n\t\t\t\t\t<\/div>\n\t\t\t\t<\/div>\n\t\t<div class=\"elementor-element elementor-element-4228db3c e-flex e-con-boxed e-con e-parent\" data-id=\"4228db3c\" data-element_type=\"container\" data-e-type=\"container\" data-settings=\"{&quot;background_background&quot;:&quot;classic&quot;}\">\n\t\t\t\t\t<div class=\"e-con-inner\">\n\t\t<div class=\"elementor-element elementor-element-62bcf232 e-con-full e-flex e-con e-child\" data-id=\"62bcf232\" data-element_type=\"container\" data-e-type=\"container\">\n\t\t<div class=\"elementor-element elementor-element-6c8e6af e-con-full e-flex e-con e-child\" data-id=\"6c8e6af\" data-element_type=\"container\" data-e-type=\"container\">\n\t\t<div class=\"elementor-element elementor-element-a06ca16 e-con-full e-flex e-con e-child\" data-id=\"a06ca16\" data-element_type=\"container\" data-e-type=\"container\">\n\t\t\t\t<div class=\"elementor-element elementor-element-5870262f elementor-headline--style-highlight elementor-widget elementor-widget-animated-headline\" data-id=\"5870262f\" data-element_type=\"widget\" data-e-type=\"widget\" data-settings=\"{&quot;marker&quot;:&quot;underline&quot;,&quot;highlighted_text&quot;:&quot; Flame Away&quot;,&quot;headline_style&quot;:&quot;highlight&quot;,&quot;loop&quot;:&quot;yes&quot;,&quot;highlight_animation_duration&quot;:1200,&quot;highlight_iteration_delay&quot;:8000}\" data-widget_type=\"animated-headline.default\">\n\t\t\t\t\t\t\t<h3 class=\"elementor-headline\">\n\t\t\t\t\t<span class=\"elementor-headline-plain-text elementor-headline-text-wrapper\">Voordelen van<\/span>\n\t\t\t\t<span class=\"elementor-headline-dynamic-wrapper elementor-headline-text-wrapper\">\n\t\t\t\t\t<span class=\"elementor-headline-dynamic-text elementor-headline-text-active\"> Flame Away<\/span>\n\t\t\t\t<\/span>\n\t\t\t\t<\/h3>\n\t\t\t\t\t\t<\/div>\n\t\t\t\t<\/div>\n\t\t\t\t<\/div>\n\t\t<div class=\"elementor-element elementor-element-565a3b1e e-con-full e-flex e-con e-child\" data-id=\"565a3b1e\" data-element_type=\"container\" data-e-type=\"container\">\n\t\t<div class=\"elementor-element elementor-element-283cc2f3 e-con-full e-flex elementor-invisible e-con e-child\" data-id=\"283cc2f3\" data-element_type=\"container\" data-e-type=\"container\" data-settings=\"{&quot;background_background&quot;:&quot;classic&quot;,&quot;animation&quot;:&quot;fadeInUp&quot;}\">\n\t\t\t\t<div class=\"elementor-element elementor-element-4464ce62 elementor-widget elementor-widget-heading\" data-id=\"4464ce62\" data-element_type=\"widget\" data-e-type=\"widget\" data-widget_type=\"heading.default\">\n\t\t\t\t\t<h2 class=\"elementor-heading-title elementor-size-default\">Snelle reactietijd<\/h2>\t\t\t\t<\/div>\n\t\t\t\t<div class=\"elementor-element elementor-element-30ade598 elementor-widget elementor-widget-text-editor\" data-id=\"30ade598\" data-element_type=\"widget\" data-e-type=\"widget\" data-widget_type=\"text-editor.default\">\n\t\t\t\t\t\t\t\t\t<p><span style=\"font-weight: 400;\">handel binnen enkele seconden en beperk brandschade.<\/span><\/p>\t\t\t\t\t\t\t\t<\/div>\n\t\t\t\t<div class=\"elementor-element elementor-element-640a95b8 elementor-widget-divider--view-line elementor-widget elementor-widget-divider\" data-id=\"640a95b8\" data-element_type=\"widget\" data-e-type=\"widget\" data-widget_type=\"divider.default\">\n\t\t\t\t\t\t\t<div class=\"elementor-divider\">\n\t\t\t<span class=\"elementor-divider-separator\">\n\t\t\t\t\t\t<\/span>\n\t\t<\/div>\n\t\t\t\t\t\t<\/div>\n\t\t\t\t<\/div>\n\t\t<div class=\"elementor-element elementor-element-5bad10c e-con-full e-flex elementor-invisible e-con e-child\" data-id=\"5bad10c\" data-element_type=\"container\" data-e-type=\"container\" data-settings=\"{&quot;background_background&quot;:&quot;classic&quot;,&quot;animation&quot;:&quot;fadeInUp&quot;,&quot;animation_delay&quot;:200}\">\n\t\t\t\t<div class=\"elementor-element elementor-element-32f1f66e elementor-widget elementor-widget-heading\" data-id=\"32f1f66e\" data-element_type=\"widget\" data-e-type=\"widget\" data-widget_type=\"heading.default\">\n\t\t\t\t\t<h2 class=\"elementor-heading-title elementor-size-default\">Geschikt voor klasse A branden<\/h2>\t\t\t\t<\/div>\n\t\t\t\t<div class=\"elementor-element elementor-element-48e715fb elementor-widget elementor-widget-text-editor\" data-id=\"48e715fb\" data-element_type=\"widget\" data-e-type=\"widget\" data-widget_type=\"text-editor.default\">\n\t\t\t\t\t\t\t\t\t<p><span style=\"font-weight: 400;\">vaste materialen zoals hout, meubels, gordijnen en vloeren.<\/span><\/p>\t\t\t\t\t\t\t\t<\/div>\n\t\t\t\t<div class=\"elementor-element elementor-element-7e2819c1 elementor-widget-divider--view-line elementor-widget elementor-widget-divider\" data-id=\"7e2819c1\" data-element_type=\"widget\" data-e-type=\"widget\" data-widget_type=\"divider.default\">\n\t\t\t\t\t\t\t<div class=\"elementor-divider\">\n\t\t\t<span class=\"elementor-divider-separator\">\n\t\t\t\t\t\t<\/span>\n\t\t<\/div>\n\t\t\t\t\t\t<\/div>\n\t\t\t\t<\/div>\n\t\t<div class=\"elementor-element elementor-element-6284c28 e-con-full e-flex elementor-invisible e-con e-child\" data-id=\"6284c28\" data-element_type=\"container\" data-e-type=\"container\" data-settings=\"{&quot;background_background&quot;:&quot;classic&quot;,&quot;animation&quot;:&quot;fadeInUp&quot;,&quot;animation_delay&quot;:400}\">\n\t\t\t\t<div class=\"elementor-element elementor-element-66f5ae52 elementor-widget elementor-widget-heading\" data-id=\"66f5ae52\" data-element_type=\"widget\" data-e-type=\"widget\" data-widget_type=\"heading.default\">\n\t\t\t\t\t<h2 class=\"elementor-heading-title elementor-size-default\">Geen training nodig<\/h2>\t\t\t\t<\/div>\n\t\t\t\t<div class=\"elementor-element elementor-element-18a187db elementor-widget elementor-widget-text-editor\" data-id=\"18a187db\" data-element_type=\"widget\" data-e-type=\"widget\" data-widget_type=\"text-editor.default\">\n\t\t\t\t\t\t\t\t\t<p><span style=\"font-weight: 400;\">intu\u00eftief te gebruiken in noodsituaties.<\/span><\/p>\t\t\t\t\t\t\t\t<\/div>\n\t\t\t\t<div class=\"elementor-element elementor-element-7c816d1e elementor-widget-divider--view-line elementor-widget elementor-widget-divider\" data-id=\"7c816d1e\" data-element_type=\"widget\" data-e-type=\"widget\" data-widget_type=\"divider.default\">\n\t\t\t\t\t\t\t<div class=\"elementor-divider\">\n\t\t\t<span class=\"elementor-divider-separator\">\n\t\t\t\t\t\t<\/span>\n\t\t<\/div>\n\t\t\t\t\t\t<\/div>\n\t\t\t\t<\/div>\n\t\t\t\t<\/div>\n\t\t<div class=\"elementor-element elementor-element-2823c5b5 e-con-full e-flex e-con e-child\" data-id=\"2823c5b5\" data-element_type=\"container\" data-e-type=\"container\">\n\t\t<div class=\"elementor-element elementor-element-62326a10 e-con-full e-flex elementor-invisible e-con e-child\" data-id=\"62326a10\" data-element_type=\"container\" data-e-type=\"container\" data-settings=\"{&quot;background_background&quot;:&quot;classic&quot;,&quot;animation&quot;:&quot;fadeInUp&quot;}\">\n\t\t\t\t<div class=\"elementor-element elementor-element-31aecfec elementor-widget elementor-widget-heading\" data-id=\"31aecfec\" data-element_type=\"widget\" data-e-type=\"widget\" data-widget_type=\"heading.default\">\n\t\t\t\t\t<h2 class=\"elementor-heading-title elementor-size-default\">Plaats het overal<\/h2>\t\t\t\t<\/div>\n\t\t\t\t<div class=\"elementor-element elementor-element-2ad5a675 elementor-widget elementor-widget-text-editor\" data-id=\"2ad5a675\" data-element_type=\"widget\" data-e-type=\"widget\" data-widget_type=\"text-editor.default\">\n\t\t\t\t\t\t\t\t\t<p><span style=\"font-weight: 400;\">in tegenstelling tot standaardblussers kan Flame Away in elke kamer worden geplaatst.<\/span><\/p>\t\t\t\t\t\t\t\t<\/div>\n\t\t\t\t<div class=\"elementor-element elementor-element-6b0c5f15 elementor-align-center elementor-hidden-desktop elementor-hidden-tablet elementor-hidden-mobile elementor-widget elementor-widget-button\" data-id=\"6b0c5f15\" data-element_type=\"widget\" data-e-type=\"widget\" data-widget_type=\"button.default\">\n\t\t\t\t\t\t\t\t\t\t<a class=\"elementor-button elementor-button-link elementor-size-sm\" href=\"#\">\n\t\t\t\t\t\t<span class=\"elementor-button-content-wrapper\">\n\t\t\t\t\t\t<span class=\"elementor-button-icon\">\n\t\t\t\t<i aria-hidden=\"true\" class=\"ti-arrow-top-right\"><\/i>\t\t\t<\/span>\n\t\t\t\t\t\t\t\t\t<span class=\"elementor-button-text\">More Details<\/span>\n\t\t\t\t\t<\/span>\n\t\t\t\t\t<\/a>\n\t\t\t\t\t\t\t\t<\/div>\n\t\t\t\t<div class=\"elementor-element elementor-element-43a54664 elementor-widget-divider--view-line elementor-widget elementor-widget-divider\" data-id=\"43a54664\" data-element_type=\"widget\" data-e-type=\"widget\" data-widget_type=\"divider.default\">\n\t\t\t\t\t\t\t<div class=\"elementor-divider\">\n\t\t\t<span class=\"elementor-divider-separator\">\n\t\t\t\t\t\t<\/span>\n\t\t<\/div>\n\t\t\t\t\t\t<\/div>\n\t\t\t\t<\/div>\n\t\t<div class=\"elementor-element elementor-element-698c69ce e-con-full e-flex elementor-invisible e-con e-child\" data-id=\"698c69ce\" data-element_type=\"container\" data-e-type=\"container\" data-settings=\"{&quot;background_background&quot;:&quot;classic&quot;,&quot;animation&quot;:&quot;fadeInUp&quot;,&quot;animation_delay&quot;:200}\">\n\t\t\t\t<div class=\"elementor-element elementor-element-16660d9e elementor-widget elementor-widget-heading\" data-id=\"16660d9e\" data-element_type=\"widget\" data-e-type=\"widget\" data-widget_type=\"heading.default\">\n\t\t\t\t\t<h2 class=\"elementor-heading-title elementor-size-default\">Duurzame productie<\/h2>\t\t\t\t<\/div>\n\t\t\t\t<div class=\"elementor-element elementor-element-64d6dfd1 elementor-widget elementor-widget-text-editor\" data-id=\"64d6dfd1\" data-element_type=\"widget\" data-e-type=\"widget\" data-widget_type=\"text-editor.default\">\n\t\t\t\t\t\t\t\t\t<p><span style=\"font-weight: 400;\">ontwikkeld en geproduceerd in Nederland met EU-componenten, waardoor de ecologische voetafdruk wordt geminimaliseerd.<\/span><\/p>\t\t\t\t\t\t\t\t<\/div>\n\t\t\t\t<div class=\"elementor-element elementor-element-1a2e1a1f elementor-align-center elementor-hidden-desktop elementor-hidden-tablet elementor-hidden-mobile elementor-widget elementor-widget-button\" data-id=\"1a2e1a1f\" data-element_type=\"widget\" data-e-type=\"widget\" data-widget_type=\"button.default\">\n\t\t\t\t\t\t\t\t\t\t<a class=\"elementor-button elementor-button-link elementor-size-sm\" href=\"#\">\n\t\t\t\t\t\t<span class=\"elementor-button-content-wrapper\">\n\t\t\t\t\t\t<span class=\"elementor-button-icon\">\n\t\t\t\t<i aria-hidden=\"true\" class=\"ti-arrow-top-right\"><\/i>\t\t\t<\/span>\n\t\t\t\t\t\t\t\t\t<span class=\"elementor-button-text\">More Details<\/span>\n\t\t\t\t\t<\/span>\n\t\t\t\t\t<\/a>\n\t\t\t\t\t\t\t\t<\/div>\n\t\t\t\t<div class=\"elementor-element elementor-element-673cb64 elementor-widget-divider--view-line elementor-widget elementor-widget-divider\" data-id=\"673cb64\" data-element_type=\"widget\" data-e-type=\"widget\" data-widget_type=\"divider.default\">\n\t\t\t\t\t\t\t<div class=\"elementor-divider\">\n\t\t\t<span class=\"elementor-divider-separator\">\n\t\t\t\t\t\t<\/span>\n\t\t<\/div>\n\t\t\t\t\t\t<\/div>\n\t\t\t\t<\/div>\n\t\t\t\t<\/div>\n\t\t\t\t<\/div>\n\t\t\t\t\t<\/div>\n\t\t\t\t<\/div>\n\t\t\t\t<\/div>","protected":false},"excerpt":{"rendered":"<p>How does Flame Away work? How It Works Flame Away is a breakable container filled with a fire-extinguishing solution. When thrown into a fire, the container shatters on impact, instantly dispersing the liquid across the flames. The solution is water-based with safe, proven fire-extinguishing chemicals. The liquid spreads widely, quickly reducing or extinguishing the fire. [&hellip;]<\/p>\n","protected":false},"author":2,"featured_media":0,"parent":0,"menu_order":0,"comment_status":"closed","ping_status":"closed","template":"","meta":{"footnotes":""},"class_list":["post-2370","page","type-page","status-publish","hentry"],"_links":{"self":[{"href":"https:\/\/flameaway.nl\/nl\/wp-json\/wp\/v2\/pages\/2370","targetHints":{"allow":["GET"]}}],"collection":[{"href":"https:\/\/flameaway.nl\/nl\/wp-json\/wp\/v2\/pages"}],"about":[{"href":"https:\/\/flameaway.nl\/nl\/wp-json\/wp\/v2\/types\/page"}],"author":[{"embeddable":true,"href":"https:\/\/flameaway.nl\/nl\/wp-json\/wp\/v2\/users\/2"}],"replies":[{"embeddable":true,"href":"https:\/\/flameaway.nl\/nl\/wp-json\/wp\/v2\/comments?post=2370"}],"version-history":[{"count":19,"href":"https:\/\/flameaway.nl\/nl\/wp-json\/wp\/v2\/pages\/2370\/revisions"}],"predecessor-version":[{"id":2453,"href":"https:\/\/flameaway.nl\/nl\/wp-json\/wp\/v2\/pages\/2370\/revisions\/2453"}],"wp:attachment":[{"href":"https:\/\/flameaway.nl\/nl\/wp-json\/wp\/v2\/media?parent=2370"}],"curies":[{"name":"wp","href":"https:\/\/api.w.org\/{rel}","templated":true}]}}